{"id":2,"date":"2016-03-21T12:04:25","date_gmt":"2016-03-21T12:04:25","guid":{"rendered":"http:\/\/agades.es\/?page_id=2"},"modified":"2017-10-18T18:35:22","modified_gmt":"2017-10-18T18:35:22","slug":"pagina-ejemplo","status":"publish","type":"page","link":"https:\/\/agades.es\/","title":{"rendered":"\u00danete a nosotros"},"content":{"rendered":"<h2 style=\"text-align: center;\"><\/h2>\n<h2 style=\"text-align: center;\"><a href=\"http:\/\/agades.es\/wp-content\/uploads\/2014\/08\/375851_308075222624658_857520829_n-3-500x290.jpg\"><img loading=\"lazy\" decoding=\"async\" class=\"aligncenter wp-image-12 size-full\" src=\"http:\/\/agades.es\/wp-content\/uploads\/2014\/08\/375851_308075222624658_857520829_n-3-500x290.jpg\" alt=\"Concentraci\u00f3n\" width=\"500\" height=\"290\" srcset=\"https:\/\/agades.es\/wp-content\/uploads\/2014\/08\/375851_308075222624658_857520829_n-3-500x290.jpg 500w, https:\/\/agades.es\/wp-content\/uploads\/2014\/08\/375851_308075222624658_857520829_n-3-500x290-300x174.jpg 300w\" sizes=\"auto, (max-width: 500px) 100vw, 500px\" \/><\/a><\/h2>\n<blockquote><p>&nbsp;<\/p>\n<p style=\"text-align: center;\">La\u00a0\u00a0<strong>8\u00ba CONCENTRACI\u00d3N DE AGADES<\/strong>,\u00a0del dia 7 DE OCTUBRE de 2.017, ha sido otro a\u00f1o m\u00e1s,\u00a0 un \u00e9xito, lo que nos motiva\u00a0 como siempre a seguir pensando ya, en la del pr\u00f3ximo a\u00f1o.<\/p>\n<p style=\"text-align: center;\">La concentraci\u00f3n de los veh\u00edculos se hizo en los alrededores de\u00a0\u00a0 Talleres TSM en\u00a0 S\u00e1rdoma, desde all\u00ed nos dirigimos hacia\u00a0 Beluso, recorriendo las carreteras de diferentes localidades, Redondela, Domaio, Moa\u00f1a, Cangas, Ald\u00e1n, Cabo home&#8230;&#8230; entre otras, acompa\u00f1\u00e1ndonos un tiempo inmejorable.<\/p>\n<p style=\"text-align: center;\">Gracias a todos los que hab\u00e9is participado y como no a nuestros PATROCINADORES!<\/p>\n<p>&nbsp;<\/p>\n<p>Animamos a todos los usuarios de descapotables a unirse a Agades.<\/p>\n<p><strong>Correo electr\u00f3nico: \u00a0 <\/strong><\/p>\n<p><strong>agades@agades.es\u00a0<\/strong><\/p>\n<p>Tel\u00e9fono\u00a0 677663254<\/p>\n<p>P\u00e1g. Facebook:<\/p>\n<p>https:\/\/www.facebook.com\/agadesclub\/<\/p><\/blockquote>\n","protected":false},"excerpt":{"rendered":"<p>&nbsp; La\u00a0\u00a08\u00ba CONCENTRACI\u00d3N DE AGADES,\u00a0del dia 7 DE OCTUBRE de 2.017, ha sido otro a\u00f1o m\u00e1s,\u00a0 un \u00e9xito, lo que nos motiva\u00a0 como siempre a seguir pensando ya, en la del pr\u00f3ximo a\u00f1o. La concentraci\u00f3n de los veh\u00edculos se hizo en los alrededores de\u00a0\u00a0 Talleres TSM en\u00a0 S\u00e1rdoma, desde all\u00ed nos dirigimos hacia\u00a0 Beluso, recorriendo [&hellip;]<\/p>\n","protected":false},"author":1,"featured_media":0,"parent":0,"menu_order":0,"comment_status":"open","ping_status":"open","template":"","meta":{"footnotes":""},"class_list":["post-2","page","type-page","status-publish","hentry"],"_links":{"self":[{"href":"https:\/\/agades.es\/index.php?rest_route=\/wp\/v2\/pages\/2","targetHints":{"allow":["GET"]}}],"collection":[{"href":"https:\/\/agades.es\/index.php?rest_route=\/wp\/v2\/pages"}],"about":[{"href":"https:\/\/agades.es\/index.php?rest_route=\/wp\/v2\/types\/page"}],"author":[{"embeddable":true,"href":"https:\/\/agades.es\/index.php?rest_route=\/wp\/v2\/users\/1"}],"replies":[{"embeddable":true,"href":"https:\/\/agades.es\/index.php?rest_route=%2Fwp%2Fv2%2Fcomments&post=2"}],"version-history":[{"count":26,"href":"https:\/\/agades.es\/index.php?rest_route=\/wp\/v2\/pages\/2\/revisions"}],"predecessor-version":[{"id":454,"href":"https:\/\/agades.es\/index.php?rest_route=\/wp\/v2\/pages\/2\/revisions\/454"}],"wp:attachment":[{"href":"https:\/\/agades.es\/index.php?rest_route=%2Fwp%2Fv2%2Fmedia&parent=2"}],"curies":[{"name":"wp","href":"https:\/\/api.w.org\/{rel}","templated":true}]}}